{"id":201,"date":"2018-12-07T12:51:06","date_gmt":"2018-12-07T12:51:06","guid":{"rendered":"http:\/\/hyhhidraulicos.000.pe\/all-courses\/"},"modified":"2024-02-17T05:50:10","modified_gmt":"2024-02-17T05:50:10","slug":"productos","status":"publish","type":"page","link":"https:\/\/hyhhidraulicos.com\/en\/productos\/","title":{"rendered":"Products"},"content":{"rendered":"<div data-elementor-type=\"wp-post\" data-elementor-id=\"201\" class=\"elementor elementor-201\" data-elementor-post-type=\"page\">\n\t\t\t\t<div class=\"elementor-element elementor-element-f46f18d e-flex e-con-boxed e-con e-parent\" data-id=\"f46f18d\" data-element_type=\"container\" data-settings=\"{&quot;background_background&quot;:&quot;gradient&quot;}\">\n\t\t\t\t\t<div class=\"e-con-inner\">\n\t\t<div class=\"elementor-element elementor-element-b63bc43 e-con-full e-flex e-con e-child\" data-id=\"b63bc43\" data-element_type=\"container\">\n\t\t\t\t<div class=\"elementor-element elementor-element-89d77b9 elementor-widget elementor-widget-image-box\" data-id=\"89d77b9\" data-element_type=\"widget\" data-widget_type=\"image-box.default\">\n\t\t\t\t<div class=\"elementor-widget-container\">\n\t\t\t\t\t<div class=\"elementor-image-box-wrapper\"><div class=\"elementor-image-box-content\"><h1 class=\"elementor-image-box-title\">PRODUCTOS<\/h1><p class=\"elementor-image-box-description\">Conoce m\u00e1s acerca de nuestras categor\u00edas y encuentra la soluci\u00f3n ideal para impulsar tus operaciones.<\/p><\/div><\/div>\t\t\t\t<\/div>\n\t\t\t\t<\/div>\n\t\t\t\t<\/div>\n\t\t\t\t\t<\/div>\n\t\t\t\t<\/div>\n\t\t<div class=\"elementor-element elementor-element-49046b36 e-con-full e-flex e-con e-parent\" data-id=\"49046b36\" data-element_type=\"container\" data-settings=\"{&quot;background_background&quot;:&quot;classic&quot;}\">\n\t\t<div class=\"elementor-element elementor-element-2d38bef0 e-con-full e-flex e-con e-child\" data-id=\"2d38bef0\" data-element_type=\"container\">\n\t\t<div class=\"elementor-element elementor-element-6ab498f3 e-con-full e-flex elementor-invisible e-con e-child\" data-id=\"6ab498f3\" data-element_type=\"container\" data-settings=\"{&quot;animation&quot;:&quot;fadeInUp&quot;}\">\n\t\t<div class=\"elementor-element elementor-element-1335daa1 e-flex e-con-boxed e-con e-child\" data-id=\"1335daa1\" data-element_type=\"container\" data-settings=\"{&quot;background_background&quot;:&quot;classic&quot;}\">\n\t\t\t\t\t<div class=\"e-con-inner\">\n\t\t\t\t<div class=\"elementor-element elementor-element-50f2be39 elementor-widget elementor-widget-image\" data-id=\"50f2be39\" data-element_type=\"widget\" data-widget_type=\"image.default\">\n\t\t\t\t<div class=\"elementor-widget-container\">\n\t\t\t\t\t\t\t\t\t\t\t\t\t\t\t\t<a href=\"https:\/\/hyhhidraulicos.com\/en\/productos\/mangueras-hidraulicas-e-industriales\/\">\n\t\t\t\t\t\t\t<img fetchpriority=\"high\" decoding=\"async\" width=\"605\" height=\"336\" src=\"https:\/\/hyhhidraulicos.com\/wp-content\/uploads\/2024\/01\/Mangueras-1.png\" class=\"attachment-large size-large wp-image-25748\" alt=\"\" srcset=\"https:\/\/hyhhidraulicos.com\/wp-content\/uploads\/2024\/01\/Mangueras-1.png 605w, https:\/\/hyhhidraulicos.com\/wp-content\/uploads\/2024\/01\/Mangueras-1-300x167.png 300w, https:\/\/hyhhidraulicos.com\/wp-content\/uploads\/2024\/01\/Mangueras-1-600x333.png 600w\" sizes=\"(max-width: 605px) 100vw, 605px\" \/>\t\t\t\t\t\t\t\t<\/a>\n\t\t\t\t\t\t\t\t\t\t\t\t\t\t\t<\/div>\n\t\t\t\t<\/div>\n\t\t\t\t<div class=\"elementor-element elementor-element-7ecfdbd6 elementor-widget elementor-widget-heading\" data-id=\"7ecfdbd6\" data-element_type=\"widget\" data-widget_type=\"heading.default\">\n\t\t\t\t<div class=\"elementor-widget-container\">\n\t\t\t\t\t<h3 class=\"elementor-heading-title elementor-size-default\"><a href=\"https:\/\/hyhhidraulicos.com\/en\/productos\/mangueras-hidraulicas-e-industriales\/\">Hydraulic and Industrial Hoses<\/a><\/h3>\t\t\t\t<\/div>\n\t\t\t\t<\/div>\n\t\t\t\t<div class=\"elementor-element elementor-element-b61829d elementor-align-center elementor-mobile-align-center elementor-widget elementor-widget-button\" data-id=\"b61829d\" data-element_type=\"widget\" data-widget_type=\"button.default\">\n\t\t\t\t<div class=\"elementor-widget-container\">\n\t\t\t\t\t\t\t\t\t<div class=\"elementor-button-wrapper\">\n\t\t\t\t\t<a class=\"elementor-button elementor-button-link elementor-size-lg\" href=\"https:\/\/hyhhidraulicos.com\/en\/productos\/mangueras-hidraulicas-e-industriales\/\">\n\t\t\t\t\t\t<span class=\"elementor-button-content-wrapper\">\n\t\t\t\t\t\t\t\t\t<span class=\"elementor-button-text\">See More<\/span>\n\t\t\t\t\t<\/span>\n\t\t\t\t\t<\/a>\n\t\t\t\t<\/div>\n\t\t\t\t\t\t\t\t<\/div>\n\t\t\t\t<\/div>\n\t\t\t\t\t<\/div>\n\t\t\t\t<\/div>\n\t\t<div class=\"elementor-element elementor-element-2391ba4b e-flex e-con-boxed e-con e-child\" data-id=\"2391ba4b\" data-element_type=\"container\" data-settings=\"{&quot;background_background&quot;:&quot;classic&quot;}\">\n\t\t\t\t\t<div class=\"e-con-inner\">\n\t\t\t\t<div class=\"elementor-element elementor-element-25f4d0b3 elementor-widget elementor-widget-image\" data-id=\"25f4d0b3\" data-element_type=\"widget\" data-widget_type=\"image.default\">\n\t\t\t\t<div class=\"elementor-widget-container\">\n\t\t\t\t\t\t\t\t\t\t\t\t\t\t\t\t<a href=\"https:\/\/hyhhidraulicos.com\/en\/productos\/conexiones-hidraulicas\/\">\n\t\t\t\t\t\t\t<img decoding=\"async\" width=\"605\" height=\"336\" src=\"https:\/\/hyhhidraulicos.com\/wp-content\/uploads\/2024\/01\/Conexiones.png\" class=\"attachment-large size-large wp-image-25747\" alt=\"\" srcset=\"https:\/\/hyhhidraulicos.com\/wp-content\/uploads\/2024\/01\/Conexiones.png 605w, https:\/\/hyhhidraulicos.com\/wp-content\/uploads\/2024\/01\/Conexiones-300x167.png 300w, https:\/\/hyhhidraulicos.com\/wp-content\/uploads\/2024\/01\/Conexiones-600x333.png 600w\" sizes=\"(max-width: 605px) 100vw, 605px\" \/>\t\t\t\t\t\t\t\t<\/a>\n\t\t\t\t\t\t\t\t\t\t\t\t\t\t\t<\/div>\n\t\t\t\t<\/div>\n\t\t\t\t<div class=\"elementor-element elementor-element-20af09f1 elementor-widget elementor-widget-heading\" data-id=\"20af09f1\" data-element_type=\"widget\" data-widget_type=\"heading.default\">\n\t\t\t\t<div class=\"elementor-widget-container\">\n\t\t\t\t\t<h3 class=\"elementor-heading-title elementor-size-default\"><a href=\"https:\/\/hyhhidraulicos.com\/en\/productos\/conexiones-hidraulicas\/\">Hydraulic Connections<\/a><\/h3>\t\t\t\t<\/div>\n\t\t\t\t<\/div>\n\t\t\t\t<div class=\"elementor-element elementor-element-6945b9da elementor-align-center elementor-mobile-align-center elementor-widget elementor-widget-button\" data-id=\"6945b9da\" data-element_type=\"widget\" data-widget_type=\"button.default\">\n\t\t\t\t<div class=\"elementor-widget-container\">\n\t\t\t\t\t\t\t\t\t<div class=\"elementor-button-wrapper\">\n\t\t\t\t\t<a class=\"elementor-button elementor-button-link elementor-size-lg\" href=\"https:\/\/hyhhidraulicos.com\/en\/productos\/conexiones-hidraulicas\/\">\n\t\t\t\t\t\t<span class=\"elementor-button-content-wrapper\">\n\t\t\t\t\t\t\t\t\t<span class=\"elementor-button-text\">See More<\/span>\n\t\t\t\t\t<\/span>\n\t\t\t\t\t<\/a>\n\t\t\t\t<\/div>\n\t\t\t\t\t\t\t\t<\/div>\n\t\t\t\t<\/div>\n\t\t\t\t\t<\/div>\n\t\t\t\t<\/div>\n\t\t<div class=\"elementor-element elementor-element-2afb132c e-flex e-con-boxed e-con e-child\" data-id=\"2afb132c\" data-element_type=\"container\" data-settings=\"{&quot;background_background&quot;:&quot;classic&quot;}\">\n\t\t\t\t\t<div class=\"e-con-inner\">\n\t\t\t\t<div class=\"elementor-element elementor-element-2688073d elementor-widget elementor-widget-image\" data-id=\"2688073d\" data-element_type=\"widget\" data-widget_type=\"image.default\">\n\t\t\t\t<div class=\"elementor-widget-container\">\n\t\t\t\t\t\t\t\t\t\t\t\t\t\t\t\t<a href=\"https:\/\/hyhhidraulicos.com\/en\/productos\/conexiones-pre-armadas\/\">\n\t\t\t\t\t\t\t<img decoding=\"async\" width=\"605\" height=\"336\" src=\"https:\/\/hyhhidraulicos.com\/wp-content\/uploads\/2024\/01\/Pre-armadas.png\" class=\"attachment-large size-large wp-image-25744\" alt=\"\" srcset=\"https:\/\/hyhhidraulicos.com\/wp-content\/uploads\/2024\/01\/Pre-armadas.png 605w, https:\/\/hyhhidraulicos.com\/wp-content\/uploads\/2024\/01\/Pre-armadas-300x167.png 300w, https:\/\/hyhhidraulicos.com\/wp-content\/uploads\/2024\/01\/Pre-armadas-600x333.png 600w\" sizes=\"(max-width: 605px) 100vw, 605px\" \/>\t\t\t\t\t\t\t\t<\/a>\n\t\t\t\t\t\t\t\t\t\t\t\t\t\t\t<\/div>\n\t\t\t\t<\/div>\n\t\t\t\t<div class=\"elementor-element elementor-element-598269ab elementor-widget elementor-widget-heading\" data-id=\"598269ab\" data-element_type=\"widget\" data-widget_type=\"heading.default\">\n\t\t\t\t<div class=\"elementor-widget-container\">\n\t\t\t\t\t<h3 class=\"elementor-heading-title elementor-size-default\"><a href=\"https:\/\/hyhhidraulicos.com\/en\/productos\/conexiones-pre-armadas\/\">Pre-assembled connections<\/a><\/h3>\t\t\t\t<\/div>\n\t\t\t\t<\/div>\n\t\t\t\t<div class=\"elementor-element elementor-element-6fa632cc elementor-align-center elementor-mobile-align-center elementor-widget elementor-widget-button\" data-id=\"6fa632cc\" data-element_type=\"widget\" data-widget_type=\"button.default\">\n\t\t\t\t<div class=\"elementor-widget-container\">\n\t\t\t\t\t\t\t\t\t<div class=\"elementor-button-wrapper\">\n\t\t\t\t\t<a class=\"elementor-button elementor-button-link elementor-size-lg\" href=\"https:\/\/hyhhidraulicos.com\/en\/productos\/conexiones-pre-armadas\/\">\n\t\t\t\t\t\t<span class=\"elementor-button-content-wrapper\">\n\t\t\t\t\t\t\t\t\t<span class=\"elementor-button-text\">See More<\/span>\n\t\t\t\t\t<\/span>\n\t\t\t\t\t<\/a>\n\t\t\t\t<\/div>\n\t\t\t\t\t\t\t\t<\/div>\n\t\t\t\t<\/div>\n\t\t\t\t\t<\/div>\n\t\t\t\t<\/div>\n\t\t<div class=\"elementor-element elementor-element-db10d49 e-flex e-con-boxed e-con e-child\" data-id=\"db10d49\" data-element_type=\"container\" data-settings=\"{&quot;background_background&quot;:&quot;classic&quot;}\">\n\t\t\t\t\t<div class=\"e-con-inner\">\n\t\t\t\t<div class=\"elementor-element elementor-element-2ef28d94 elementor-widget elementor-widget-image\" data-id=\"2ef28d94\" data-element_type=\"widget\" data-widget_type=\"image.default\">\n\t\t\t\t<div class=\"elementor-widget-container\">\n\t\t\t\t\t\t\t\t\t\t\t\t\t\t\t\t<a href=\"https:\/\/hyhhidraulicos.com\/en\/productos\/acoples-camlock-y-garra\/\">\n\t\t\t\t\t\t\t<img loading=\"lazy\" decoding=\"async\" width=\"605\" height=\"337\" src=\"https:\/\/hyhhidraulicos.com\/wp-content\/uploads\/2024\/01\/Acoples.png\" class=\"attachment-large size-large wp-image-25745\" alt=\"\" srcset=\"https:\/\/hyhhidraulicos.com\/wp-content\/uploads\/2024\/01\/Acoples.png 605w, https:\/\/hyhhidraulicos.com\/wp-content\/uploads\/2024\/01\/Acoples-300x167.png 300w, https:\/\/hyhhidraulicos.com\/wp-content\/uploads\/2024\/01\/Acoples-600x334.png 600w\" sizes=\"(max-width: 605px) 100vw, 605px\" \/>\t\t\t\t\t\t\t\t<\/a>\n\t\t\t\t\t\t\t\t\t\t\t\t\t\t\t<\/div>\n\t\t\t\t<\/div>\n\t\t\t\t<div class=\"elementor-element elementor-element-1050efda elementor-widget elementor-widget-heading\" data-id=\"1050efda\" data-element_type=\"widget\" data-widget_type=\"heading.default\">\n\t\t\t\t<div class=\"elementor-widget-container\">\n\t\t\t\t\t<h3 class=\"elementor-heading-title elementor-size-default\"><a href=\"https:\/\/hyhhidraulicos.com\/en\/productos\/acoples-camlock-y-garra\/\">Camlock and Claw Couplings<\/a><\/h3>\t\t\t\t<\/div>\n\t\t\t\t<\/div>\n\t\t\t\t<div class=\"elementor-element elementor-element-4560d210 elementor-align-center elementor-mobile-align-center elementor-widget elementor-widget-button\" data-id=\"4560d210\" data-element_type=\"widget\" data-widget_type=\"button.default\">\n\t\t\t\t<div class=\"elementor-widget-container\">\n\t\t\t\t\t\t\t\t\t<div class=\"elementor-button-wrapper\">\n\t\t\t\t\t<a class=\"elementor-button elementor-button-link elementor-size-lg\" href=\"https:\/\/hyhhidraulicos.com\/en\/productos\/acoples-camlock-y-garra\/\">\n\t\t\t\t\t\t<span class=\"elementor-button-content-wrapper\">\n\t\t\t\t\t\t\t\t\t<span class=\"elementor-button-text\">See More<\/span>\n\t\t\t\t\t<\/span>\n\t\t\t\t\t<\/a>\n\t\t\t\t<\/div>\n\t\t\t\t\t\t\t\t<\/div>\n\t\t\t\t<\/div>\n\t\t\t\t\t<\/div>\n\t\t\t\t<\/div>\n\t\t<div class=\"elementor-element elementor-element-192cfbda e-flex e-con-boxed e-con e-child\" data-id=\"192cfbda\" data-element_type=\"container\" data-settings=\"{&quot;background_background&quot;:&quot;classic&quot;}\">\n\t\t\t\t\t<div class=\"e-con-inner\">\n\t\t\t\t<div class=\"elementor-element elementor-element-4c50f8b9 elementor-widget elementor-widget-image\" data-id=\"4c50f8b9\" data-element_type=\"widget\" data-widget_type=\"image.default\">\n\t\t\t\t<div class=\"elementor-widget-container\">\n\t\t\t\t\t\t\t\t\t\t\t\t\t\t\t\t<a href=\"https:\/\/hyhhidraulicos.com\/en\/productos\/adaptadores-metricos\/\">\n\t\t\t\t\t\t\t<img loading=\"lazy\" decoding=\"async\" width=\"605\" height=\"337\" src=\"https:\/\/hyhhidraulicos.com\/wp-content\/uploads\/2024\/01\/Adaptadores.png\" class=\"attachment-large size-large wp-image-25746\" alt=\"\" srcset=\"https:\/\/hyhhidraulicos.com\/wp-content\/uploads\/2024\/01\/Adaptadores.png 605w, https:\/\/hyhhidraulicos.com\/wp-content\/uploads\/2024\/01\/Adaptadores-300x167.png 300w, https:\/\/hyhhidraulicos.com\/wp-content\/uploads\/2024\/01\/Adaptadores-600x334.png 600w\" sizes=\"(max-width: 605px) 100vw, 605px\" \/>\t\t\t\t\t\t\t\t<\/a>\n\t\t\t\t\t\t\t\t\t\t\t\t\t\t\t<\/div>\n\t\t\t\t<\/div>\n\t\t\t\t<div class=\"elementor-element elementor-element-16b613be elementor-widget elementor-widget-heading\" data-id=\"16b613be\" data-element_type=\"widget\" data-widget_type=\"heading.default\">\n\t\t\t\t<div class=\"elementor-widget-container\">\n\t\t\t\t\t<h3 class=\"elementor-heading-title elementor-size-default\"><a href=\"https:\/\/hyhhidraulicos.com\/en\/productos\/adaptadores-metricos\/\">Metric Adapters<\/a><\/h3>\t\t\t\t<\/div>\n\t\t\t\t<\/div>\n\t\t\t\t<div class=\"elementor-element elementor-element-666393f8 elementor-align-center elementor-mobile-align-center elementor-widget elementor-widget-button\" data-id=\"666393f8\" data-element_type=\"widget\" data-widget_type=\"button.default\">\n\t\t\t\t<div class=\"elementor-widget-container\">\n\t\t\t\t\t\t\t\t\t<div class=\"elementor-button-wrapper\">\n\t\t\t\t\t<a class=\"elementor-button elementor-button-link elementor-size-lg\" href=\"https:\/\/hyhhidraulicos.com\/en\/productos\/adaptadores-metricos\/\">\n\t\t\t\t\t\t<span class=\"elementor-button-content-wrapper\">\n\t\t\t\t\t\t\t\t\t<span class=\"elementor-button-text\">See More<\/span>\n\t\t\t\t\t<\/span>\n\t\t\t\t\t<\/a>\n\t\t\t\t<\/div>\n\t\t\t\t\t\t\t\t<\/div>\n\t\t\t\t<\/div>\n\t\t\t\t\t<\/div>\n\t\t\t\t<\/div>\n\t\t\t\t<\/div>\n\t\t\t\t<\/div>\n\t\t\t\t<\/div>\n\t\t\t\t<\/div>","protected":false},"excerpt":{"rendered":"<p>PRODUCTOS Conoce m\u00e1s acerca de nuestras categor\u00edas y encuentra la soluci\u00f3n ideal para impulsar tus operaciones. Mangueras Hidr\u00e1ulicas e Industriales Ver Conexiones Hidr\u00e1ulicas Ver Conexiones Pre-armadas Ver Acoples Camlock y Garra Ver Adaptadores M\u00e9tricos Ver<\/p>","protected":false},"author":1,"featured_media":0,"parent":0,"menu_order":0,"comment_status":"closed","ping_status":"closed","template":"","meta":{"site-sidebar-layout":"no-sidebar","site-content-layout":"page-builder","ast-site-content-layout":"","site-content-style":"default","site-sidebar-style":"default","ast-global-header-display":"","ast-banner-title-visibility":"","ast-main-header-display":"","ast-hfb-above-header-display":"","ast-hfb-below-header-display":"","ast-hfb-mobile-header-display":"","site-post-title":"disabled","ast-breadcrumbs-content":"","ast-featured-img":"disabled","footer-sml-layout":"","theme-transparent-header-meta":"enabled","adv-header-id-meta":"","stick-header-meta":"","header-above-stick-meta":"","header-main-stick-meta":"","header-below-stick-meta":"","astra-migrate-meta-layouts":"default","ast-page-background-enabled":"default","ast-page-background-meta":{"desktop":{"background-color":"","background-image":"","background-repeat":"repeat","background-position":"center center","background-size":"auto","background-attachment":"scroll","background-type":"","background-media":"","overlay-type":"","overlay-color":"","overlay-gradient":""},"tablet":{"background-color":"","background-image":"","background-repeat":"repeat","background-position":"center center","background-size":"auto","background-attachment":"scroll","background-type":"","background-media":"","overlay-type":"","overlay-color":"","overlay-gradient":""},"mobile":{"background-color":"","background-image":"","background-repeat":"repeat","background-position":"center center","background-size":"auto","background-attachment":"scroll","background-type":"","background-media":"","overlay-type":"","overlay-color":"","overlay-gradient":""}},"ast-content-background-meta":{"desktop":{"background-color":"var(--ast-global-color-5)","background-image":"","background-repeat":"repeat","background-position":"center center","background-size":"auto","background-attachment":"scroll","background-type":"","background-media":"","overlay-type":"","overlay-color":"","overlay-gradient":""},"tablet":{"background-color":"var(--ast-global-color-5)","background-image":"","background-repeat":"repeat","background-position":"center center","background-size":"auto","background-attachment":"scroll","background-type":"","background-media":"","overlay-type":"","overlay-color":"","overlay-gradient":""},"mobile":{"background-color":"var(--ast-global-color-5)","background-image":"","background-repeat":"repeat","background-position":"center center","background-size":"auto","background-attachment":"scroll","background-type":"","background-media":"","overlay-type":"","overlay-color":"","overlay-gradient":""}},"footnotes":""},"class_list":["post-201","page","type-page","status-publish","hentry"],"yoast_head":"<!-- This site is optimized with the Yoast SEO plugin v22.1 - https:\/\/yoast.com\/wordpress\/plugins\/seo\/ -->\n<title>Productos - H&amp;H Hidr\u00e1ulicos<\/title>\n<meta name=\"robots\" content=\"index, follow, max-snippet:-1, max-image-preview:large, max-video-preview:-1\" \/>\n<link rel=\"canonical\" href=\"https:\/\/hyhhidraulicos.com\/en\/productos\/\" \/>\n<meta property=\"og:locale\" content=\"en_US\" \/>\n<meta property=\"og:type\" content=\"article\" \/>\n<meta property=\"og:title\" content=\"Productos - H&amp;H Hidr\u00e1ulicos\" \/>\n<meta property=\"og:description\" content=\"PRODUCTOS Conoce m\u00e1s acerca de nuestras categor\u00edas y encuentra la soluci\u00f3n ideal para impulsar tus operaciones. Mangueras Hidr\u00e1ulicas e Industriales Ver Conexiones Hidr\u00e1ulicas Ver Conexiones Pre-armadas Ver Acoples Camlock y Garra Ver Adaptadores M\u00e9tricos Ver\" \/>\n<meta property=\"og:url\" content=\"https:\/\/hyhhidraulicos.com\/en\/productos\/\" \/>\n<meta property=\"og:site_name\" content=\"H&amp;H Hidr\u00e1ulicos\" \/>\n<meta property=\"article:publisher\" content=\"https:\/\/www.facebook.com\/hhhidraulicos\" \/>\n<meta property=\"article:modified_time\" content=\"2024-02-17T05:50:10+00:00\" \/>\n<meta property=\"og:image\" content=\"https:\/\/hyhhidraulicos.com\/wp-content\/uploads\/2024\/01\/Mangueras-1.png\" \/>\n<meta name=\"twitter:card\" content=\"summary_large_image\" \/>\n<meta name=\"twitter:label1\" content=\"Est. reading time\" \/>\n\t<meta name=\"twitter:data1\" content=\"3 minutes\" \/>\n<script type=\"application\/ld+json\" class=\"yoast-schema-graph\">{\"@context\":\"https:\/\/schema.org\",\"@graph\":[{\"@type\":\"WebPage\",\"@id\":\"https:\/\/hyhhidraulicos.com\/productos\/\",\"url\":\"https:\/\/hyhhidraulicos.com\/productos\/\",\"name\":\"Productos - H&amp;H Hidr\u00e1ulicos\",\"isPartOf\":{\"@id\":\"https:\/\/hyhhidraulicos.com\/#website\"},\"datePublished\":\"2018-12-07T12:51:06+00:00\",\"dateModified\":\"2024-02-17T05:50:10+00:00\",\"breadcrumb\":{\"@id\":\"https:\/\/hyhhidraulicos.com\/productos\/#breadcrumb\"},\"inLanguage\":\"en-US\",\"potentialAction\":[{\"@type\":\"ReadAction\",\"target\":[\"https:\/\/hyhhidraulicos.com\/productos\/\"]}]},{\"@type\":\"BreadcrumbList\",\"@id\":\"https:\/\/hyhhidraulicos.com\/productos\/#breadcrumb\",\"itemListElement\":[{\"@type\":\"ListItem\",\"position\":1,\"name\":\"Portada\",\"item\":\"https:\/\/hyhhidraulicos.com\/\"},{\"@type\":\"ListItem\",\"position\":2,\"name\":\"Productos\"}]},{\"@type\":\"WebSite\",\"@id\":\"https:\/\/hyhhidraulicos.com\/#website\",\"url\":\"https:\/\/hyhhidraulicos.com\/\",\"name\":\"H&H Hidr\u00e1ulicos\",\"description\":\"Mangueras Hidr\u00e1ulicas e Industriales\",\"publisher\":{\"@id\":\"https:\/\/hyhhidraulicos.com\/#organization\"},\"potentialAction\":[{\"@type\":\"SearchAction\",\"target\":{\"@type\":\"EntryPoint\",\"urlTemplate\":\"https:\/\/hyhhidraulicos.com\/?s={search_term_string}\"},\"query-input\":\"required name=search_term_string\"}],\"inLanguage\":\"en-US\"},{\"@type\":\"Organization\",\"@id\":\"https:\/\/hyhhidraulicos.com\/#organization\",\"name\":\"H&H Hidr\u00e1ulicos\",\"url\":\"https:\/\/hyhhidraulicos.com\/\",\"logo\":{\"@type\":\"ImageObject\",\"inLanguage\":\"en-US\",\"@id\":\"https:\/\/hyhhidraulicos.com\/#\/schema\/logo\/image\/\",\"url\":\"https:\/\/hyhhidraulicos.com\/wp-content\/uploads\/2024\/02\/Logo-HH-Hidraulicos.png\",\"contentUrl\":\"https:\/\/hyhhidraulicos.com\/wp-content\/uploads\/2024\/02\/Logo-HH-Hidraulicos.png\",\"width\":4500,\"height\":4500,\"caption\":\"H&H Hidr\u00e1ulicos\"},\"image\":{\"@id\":\"https:\/\/hyhhidraulicos.com\/#\/schema\/logo\/image\/\"},\"sameAs\":[\"https:\/\/www.facebook.com\/hhhidraulicos\",\"https:\/\/www.instagram.com\/hyh.hidraulicos\/\"]}]}<\/script>\n<!-- \/ Yoast SEO plugin. -->","yoast_head_json":{"title":"Productos - H&amp;H Hidr\u00e1ulicos","robots":{"index":"index","follow":"follow","max-snippet":"max-snippet:-1","max-image-preview":"max-image-preview:large","max-video-preview":"max-video-preview:-1"},"canonical":"https:\/\/hyhhidraulicos.com\/en\/productos\/","og_locale":"en_US","og_type":"article","og_title":"Productos - H&amp;H Hidr\u00e1ulicos","og_description":"PRODUCTOS Conoce m\u00e1s acerca de nuestras categor\u00edas y encuentra la soluci\u00f3n ideal para impulsar tus operaciones. Mangueras Hidr\u00e1ulicas e Industriales Ver Conexiones Hidr\u00e1ulicas Ver Conexiones Pre-armadas Ver Acoples Camlock y Garra Ver Adaptadores M\u00e9tricos Ver","og_url":"https:\/\/hyhhidraulicos.com\/en\/productos\/","og_site_name":"H&amp;H Hidr\u00e1ulicos","article_publisher":"https:\/\/www.facebook.com\/hhhidraulicos","article_modified_time":"2024-02-17T05:50:10+00:00","og_image":[{"url":"https:\/\/hyhhidraulicos.com\/wp-content\/uploads\/2024\/01\/Mangueras-1.png"}],"twitter_card":"summary_large_image","twitter_misc":{"Est. reading time":"3 minutes"},"schema":{"@context":"https:\/\/schema.org","@graph":[{"@type":"WebPage","@id":"https:\/\/hyhhidraulicos.com\/productos\/","url":"https:\/\/hyhhidraulicos.com\/productos\/","name":"Productos - H&amp;H Hidr\u00e1ulicos","isPartOf":{"@id":"https:\/\/hyhhidraulicos.com\/#website"},"datePublished":"2018-12-07T12:51:06+00:00","dateModified":"2024-02-17T05:50:10+00:00","breadcrumb":{"@id":"https:\/\/hyhhidraulicos.com\/productos\/#breadcrumb"},"inLanguage":"en-US","potentialAction":[{"@type":"ReadAction","target":["https:\/\/hyhhidraulicos.com\/productos\/"]}]},{"@type":"BreadcrumbList","@id":"https:\/\/hyhhidraulicos.com\/productos\/#breadcrumb","itemListElement":[{"@type":"ListItem","position":1,"name":"Portada","item":"https:\/\/hyhhidraulicos.com\/"},{"@type":"ListItem","position":2,"name":"Productos"}]},{"@type":"WebSite","@id":"https:\/\/hyhhidraulicos.com\/#website","url":"https:\/\/hyhhidraulicos.com\/","name":"H&H Hidr\u00e1ulicos","description":"Mangueras Hidr\u00e1ulicas e Industriales","publisher":{"@id":"https:\/\/hyhhidraulicos.com\/#organization"},"potentialAction":[{"@type":"SearchAction","target":{"@type":"EntryPoint","urlTemplate":"https:\/\/hyhhidraulicos.com\/?s={search_term_string}"},"query-input":"required name=search_term_string"}],"inLanguage":"en-US"},{"@type":"Organization","@id":"https:\/\/hyhhidraulicos.com\/#organization","name":"H&H Hidr\u00e1ulicos","url":"https:\/\/hyhhidraulicos.com\/","logo":{"@type":"ImageObject","inLanguage":"en-US","@id":"https:\/\/hyhhidraulicos.com\/#\/schema\/logo\/image\/","url":"https:\/\/hyhhidraulicos.com\/wp-content\/uploads\/2024\/02\/Logo-HH-Hidraulicos.png","contentUrl":"https:\/\/hyhhidraulicos.com\/wp-content\/uploads\/2024\/02\/Logo-HH-Hidraulicos.png","width":4500,"height":4500,"caption":"H&H Hidr\u00e1ulicos"},"image":{"@id":"https:\/\/hyhhidraulicos.com\/#\/schema\/logo\/image\/"},"sameAs":["https:\/\/www.facebook.com\/hhhidraulicos","https:\/\/www.instagram.com\/hyh.hidraulicos\/"]}]}},"_links":{"self":[{"href":"https:\/\/hyhhidraulicos.com\/en\/wp-json\/wp\/v2\/pages\/201","targetHints":{"allow":["GET"]}}],"collection":[{"href":"https:\/\/hyhhidraulicos.com\/en\/wp-json\/wp\/v2\/pages"}],"about":[{"href":"https:\/\/hyhhidraulicos.com\/en\/wp-json\/wp\/v2\/types\/page"}],"author":[{"embeddable":true,"href":"https:\/\/hyhhidraulicos.com\/en\/wp-json\/wp\/v2\/users\/1"}],"replies":[{"embeddable":true,"href":"https:\/\/hyhhidraulicos.com\/en\/wp-json\/wp\/v2\/comments?post=201"}],"version-history":[{"count":40,"href":"https:\/\/hyhhidraulicos.com\/en\/wp-json\/wp\/v2\/pages\/201\/revisions"}],"predecessor-version":[{"id":26460,"href":"https:\/\/hyhhidraulicos.com\/en\/wp-json\/wp\/v2\/pages\/201\/revisions\/26460"}],"wp:attachment":[{"href":"https:\/\/hyhhidraulicos.com\/en\/wp-json\/wp\/v2\/media?parent=201"}],"curies":[{"name":"wp","href":"https:\/\/api.w.org\/{rel}","templated":true}]}}